{"id":70,"date":"2026-02-24T16:29:15","date_gmt":"2026-02-24T13:29:15","guid":{"rendered":"https:\/\/cenabettv.com\/tr\/gizlilik-politikasi\/"},"modified":"2026-02-24T16:29:15","modified_gmt":"2026-02-24T13:29:15","slug":"gizlilik-politikasi","status":"publish","type":"page","link":"https:\/\/cenabettv.com\/tr\/gizlilik-politikasi\/","title":{"rendered":"Gizlilik Politikas\u0131"},"content":{"rendered":"<h2>Gizlilik Politikas\u0131<\/h2>\n<p><strong>Cenabettv.com<\/strong> canl\u0131 ve g\u00fcncel bilgi hizmeti kapsam\u0131nda ziyaret\u00e7i verilerinin korunmas\u0131na \u00f6zen g\u00f6steriyoruz. Bu metin hangi verilerin topland\u0131\u011f\u0131n\u0131 ve nas\u0131l i\u015flendi\u011fini a\u00e7\u0131klar.<\/p>\n<h3>Veri Toplama<\/h3>\n<p>Eri\u015fim loglar\u0131 (IP, taray\u0131c\u0131, zaman) g\u00fcvenlik ve site performans\u0131 i\u00e7in tutulabilir.<\/p>\n<h3>\u00c7erezler<\/h3>\n<p>Kullan\u0131c\u0131 tercihleri ve oturum y\u00f6netimi i\u00e7in \u00e7erezler kullan\u0131labilir.<\/p>\n<h3>Payla\u015f\u0131m<\/h3>\n<p>Toplanan veriler yasal zorunluluk d\u0131\u015f\u0131nda \u00fc\u00e7\u00fcnc\u00fc taraflarla payla\u015f\u0131lmaz.<\/p>\n<p><em>2026.<\/em><\/p>\n","protected":false},"excerpt":{"rendered":"<p>Gizlilik Politikas\u0131 Cenabettv.com canl\u0131 ve g\u00fcncel bilgi hizmeti kapsam\u0131nda ziyaret\u00e7i verilerinin korunmas\u0131na \u00f6zen g\u00f6steriyoruz. Bu metin hangi verilerin topland\u0131\u011f\u0131n\u0131 ve nas\u0131l i\u015flendi\u011fini a\u00e7\u0131klar. Veri Toplama Eri\u015fim loglar\u0131 (IP, taray\u0131c\u0131, zaman) g\u00fcvenlik ve site performans\u0131 i\u00e7in tutulabilir. \u00c7erezler Kullan\u0131c\u0131 tercihleri ve oturum y\u00f6netimi i\u00e7in \u00e7erezler kullan\u0131labilir. Payla\u015f\u0131m Toplanan veriler yasal zorunluluk d\u0131\u015f\u0131nda \u00fc\u00e7\u00fcnc\u00fc taraflarla payla\u015f\u0131lmaz. 2026.<\/p>\n","protected":false},"author":0,"featured_media":0,"parent":0,"menu_order":0,"comment_status":"closed","ping_status":"closed","template":"","meta":{"footnotes":""},"class_list":["post-70","page","type-page","status-publish",""],"yoast_head":"<!-- This site is optimized with the Yoast SEO plugin v27.0 - https:\/\/yoast.com\/product\/yoast-seo-wordpress\/ -->\n<title>Gizlilik Politikas\u0131<\/title>\n<meta name=\"robots\" content=\"index, follow, max-snippet:-1, max-image-preview:large, max-video-preview:-1\" \/>\n<link rel=\"canonical\" href=\"https:\/\/cenabettv.com\/tr\/gizlilik-politikasi\/\" \/>\n<meta property=\"og:locale\" content=\"tr_TR\" \/>\n<meta property=\"og:type\" content=\"article\" \/>\n<meta property=\"og:title\" content=\"Gizlilik Politikas\u0131\" \/>\n<meta property=\"og:description\" content=\"Gizlilik Politikas\u0131 Cenabettv.com canl\u0131 ve g\u00fcncel bilgi hizmeti kapsam\u0131nda ziyaret\u00e7i verilerinin korunmas\u0131na \u00f6zen g\u00f6steriyoruz. Bu metin hangi verilerin topland\u0131\u011f\u0131n\u0131 ve nas\u0131l i\u015flendi\u011fini a\u00e7\u0131klar. Veri Toplama Eri\u015fim loglar\u0131 (IP, taray\u0131c\u0131, zaman) g\u00fcvenlik ve site performans\u0131 i\u00e7in tutulabilir. \u00c7erezler Kullan\u0131c\u0131 tercihleri ve oturum y\u00f6netimi i\u00e7in \u00e7erezler kullan\u0131labilir. Payla\u015f\u0131m Toplanan veriler yasal zorunluluk d\u0131\u015f\u0131nda \u00fc\u00e7\u00fcnc\u00fc taraflarla payla\u015f\u0131lmaz. 2026.\" \/>\n<meta property=\"og:url\" content=\"https:\/\/cenabettv.com\/tr\/gizlilik-politikasi\/\" \/>\n<meta property=\"og:site_name\" content=\"Cenabet - G\u00fcncel Cenabet Adresi\" \/>\n<meta property=\"og:image\" content=\"https:\/\/cenabettv.com\/tr\/wp-content\/uploads\/2024\/07\/CenaBetLogoY.webp\" \/>\n\t<meta property=\"og:image:width\" content=\"1200\" \/>\n\t<meta property=\"og:image:height\" content=\"675\" \/>\n\t<meta property=\"og:image:type\" content=\"image\/webp\" \/>\n<meta name=\"twitter:card\" content=\"summary_large_image\" \/>\n<script type=\"application\/ld+json\" class=\"yoast-schema-graph\">{\"@context\":\"https:\/\/schema.org\",\"@graph\":[{\"@type\":\"WebPage\",\"@id\":\"https:\/\/cenabettv.com\/tr\/gizlilik-politikasi\/\",\"url\":\"https:\/\/cenabettv.com\/tr\/gizlilik-politikasi\/\",\"name\":\"Gizlilik Politikas\u0131\",\"isPartOf\":{\"@id\":\"https:\/\/cenabettv.com\/tr\/#website\"},\"datePublished\":\"2026-02-24T13:29:15+00:00\",\"breadcrumb\":{\"@id\":\"https:\/\/cenabettv.com\/tr\/gizlilik-politikasi\/#breadcrumb\"},\"inLanguage\":\"tr\",\"potentialAction\":[{\"@type\":\"ReadAction\",\"target\":[\"https:\/\/cenabettv.com\/tr\/gizlilik-politikasi\/\"]}]},{\"@type\":\"BreadcrumbList\",\"@id\":\"https:\/\/cenabettv.com\/tr\/gizlilik-politikasi\/#breadcrumb\",\"itemListElement\":[{\"@type\":\"ListItem\",\"position\":1,\"name\":\"Anasayfa\",\"item\":\"https:\/\/cenabettv.com\/tr\/\"},{\"@type\":\"ListItem\",\"position\":2,\"name\":\"Gizlilik Politikas\u0131\"}]},{\"@type\":\"WebSite\",\"@id\":\"https:\/\/cenabettv.com\/tr\/#website\",\"url\":\"https:\/\/cenabettv.com\/tr\/\",\"name\":\"Cenabet\",\"description\":\"\",\"publisher\":{\"@id\":\"https:\/\/cenabettv.com\/tr\/#organization\"},\"alternateName\":\"Cenabet\",\"potentialAction\":[{\"@type\":\"SearchAction\",\"target\":{\"@type\":\"EntryPoint\",\"urlTemplate\":\"https:\/\/cenabettv.com\/tr\/?s={search_term_string}\"},\"query-input\":{\"@type\":\"PropertyValueSpecification\",\"valueRequired\":true,\"valueName\":\"search_term_string\"}}],\"inLanguage\":\"tr\"},{\"@type\":\"Organization\",\"@id\":\"https:\/\/cenabettv.com\/tr\/#organization\",\"name\":\"Cenabet\",\"alternateName\":\"Cenabet\",\"url\":\"https:\/\/cenabettv.com\/tr\/\",\"logo\":{\"@type\":\"ImageObject\",\"inLanguage\":\"tr\",\"@id\":\"https:\/\/cenabettv.com\/tr\/#\/schema\/logo\/image\/\",\"url\":\"https:\/\/cenabettv.com\/wp-content\/uploads\/2024\/07\/CenaBetLogoK.webp\",\"contentUrl\":\"https:\/\/cenabettv.com\/wp-content\/uploads\/2024\/07\/CenaBetLogoK.webp\",\"width\":696,\"height\":696,\"caption\":\"Cenabet\"},\"image\":{\"@id\":\"https:\/\/cenabettv.com\/tr\/#\/schema\/logo\/image\/\"}}]}<\/script>\n<!-- \/ Yoast SEO plugin. -->","yoast_head_json":{"title":"Gizlilik Politikas\u0131","robots":{"index":"index","follow":"follow","max-snippet":"max-snippet:-1","max-image-preview":"max-image-preview:large","max-video-preview":"max-video-preview:-1"},"canonical":"https:\/\/cenabettv.com\/tr\/gizlilik-politikasi\/","og_locale":"tr_TR","og_type":"article","og_title":"Gizlilik Politikas\u0131","og_description":"Gizlilik Politikas\u0131 Cenabettv.com canl\u0131 ve g\u00fcncel bilgi hizmeti kapsam\u0131nda ziyaret\u00e7i verilerinin korunmas\u0131na \u00f6zen g\u00f6steriyoruz. Bu metin hangi verilerin topland\u0131\u011f\u0131n\u0131 ve nas\u0131l i\u015flendi\u011fini a\u00e7\u0131klar. Veri Toplama Eri\u015fim loglar\u0131 (IP, taray\u0131c\u0131, zaman) g\u00fcvenlik ve site performans\u0131 i\u00e7in tutulabilir. \u00c7erezler Kullan\u0131c\u0131 tercihleri ve oturum y\u00f6netimi i\u00e7in \u00e7erezler kullan\u0131labilir. Payla\u015f\u0131m Toplanan veriler yasal zorunluluk d\u0131\u015f\u0131nda \u00fc\u00e7\u00fcnc\u00fc taraflarla payla\u015f\u0131lmaz. 2026.","og_url":"https:\/\/cenabettv.com\/tr\/gizlilik-politikasi\/","og_site_name":"Cenabet - G\u00fcncel Cenabet Adresi","og_image":[{"width":1200,"height":675,"url":"https:\/\/cenabettv.com\/tr\/wp-content\/uploads\/2024\/07\/CenaBetLogoY.webp","type":"image\/webp"}],"twitter_card":"summary_large_image","schema":{"@context":"https:\/\/schema.org","@graph":[{"@type":"WebPage","@id":"https:\/\/cenabettv.com\/tr\/gizlilik-politikasi\/","url":"https:\/\/cenabettv.com\/tr\/gizlilik-politikasi\/","name":"Gizlilik Politikas\u0131","isPartOf":{"@id":"https:\/\/cenabettv.com\/tr\/#website"},"datePublished":"2026-02-24T13:29:15+00:00","breadcrumb":{"@id":"https:\/\/cenabettv.com\/tr\/gizlilik-politikasi\/#breadcrumb"},"inLanguage":"tr","potentialAction":[{"@type":"ReadAction","target":["https:\/\/cenabettv.com\/tr\/gizlilik-politikasi\/"]}]},{"@type":"BreadcrumbList","@id":"https:\/\/cenabettv.com\/tr\/gizlilik-politikasi\/#breadcrumb","itemListElement":[{"@type":"ListItem","position":1,"name":"Anasayfa","item":"https:\/\/cenabettv.com\/tr\/"},{"@type":"ListItem","position":2,"name":"Gizlilik Politikas\u0131"}]},{"@type":"WebSite","@id":"https:\/\/cenabettv.com\/tr\/#website","url":"https:\/\/cenabettv.com\/tr\/","name":"Cenabet","description":"","publisher":{"@id":"https:\/\/cenabettv.com\/tr\/#organization"},"alternateName":"Cenabet","potentialAction":[{"@type":"SearchAction","target":{"@type":"EntryPoint","urlTemplate":"https:\/\/cenabettv.com\/tr\/?s={search_term_string}"},"query-input":{"@type":"PropertyValueSpecification","valueRequired":true,"valueName":"search_term_string"}}],"inLanguage":"tr"},{"@type":"Organization","@id":"https:\/\/cenabettv.com\/tr\/#organization","name":"Cenabet","alternateName":"Cenabet","url":"https:\/\/cenabettv.com\/tr\/","logo":{"@type":"ImageObject","inLanguage":"tr","@id":"https:\/\/cenabettv.com\/tr\/#\/schema\/logo\/image\/","url":"https:\/\/cenabettv.com\/wp-content\/uploads\/2024\/07\/CenaBetLogoK.webp","contentUrl":"https:\/\/cenabettv.com\/wp-content\/uploads\/2024\/07\/CenaBetLogoK.webp","width":696,"height":696,"caption":"Cenabet"},"image":{"@id":"https:\/\/cenabettv.com\/tr\/#\/schema\/logo\/image\/"}}]}},"_links":{"self":[{"href":"https:\/\/cenabettv.com\/tr\/wp-json\/wp\/v2\/pages\/70","targetHints":{"allow":["GET"]}}],"collection":[{"href":"https:\/\/cenabettv.com\/tr\/wp-json\/wp\/v2\/pages"}],"about":[{"href":"https:\/\/cenabettv.com\/tr\/wp-json\/wp\/v2\/types\/page"}],"replies":[{"embeddable":true,"href":"https:\/\/cenabettv.com\/tr\/wp-json\/wp\/v2\/comments?post=70"}],"version-history":[{"count":0,"href":"https:\/\/cenabettv.com\/tr\/wp-json\/wp\/v2\/pages\/70\/revisions"}],"wp:attachment":[{"href":"https:\/\/cenabettv.com\/tr\/wp-json\/wp\/v2\/media?parent=70"}],"curies":[{"name":"wp","href":"https:\/\/api.w.org\/{rel}","templated":true}]}}