{"id":37,"date":"2024-07-29T22:21:52","date_gmt":"2024-07-29T19:21:52","guid":{"rendered":"https:\/\/cenabettv.com\/?page_id=37"},"modified":"2024-07-29T22:21:52","modified_gmt":"2024-07-29T19:21:52","slug":"cenabet-hizli-giris-yapin","status":"publish","type":"page","link":"https:\/\/cenabettv.com\/tr\/cenabet-hizli-giris-yapin\/","title":{"rendered":"Cenabet H\u0131zl\u0131 Giri\u015f Yap\u0131n"},"content":{"rendered":"<p class=\"p2\">Cenabet h\u0131zl\u0131 giri\u015f konusunda platform g\u00fcncellemelerini zaman\u0131nda yapar. Yabanc\u0131 bahis sitelerinden birisi oldu\u011fu i\u00e7in adreslerinin zaman zaman engellendi\u011fi g\u00f6r\u00fclmektedir. Her bahis ve casino sitesinde bu sorunla kar\u015f\u0131la\u015f\u0131l\u0131yor olmas\u0131 oyuncular\u0131n a\u015fina oldu\u011fu durumlardan biridir. Bu nedenle bahis ve casino oyunlar\u0131na kat\u0131labilmek i\u00e7in Cenabet sitesini tercih ediyorsan\u0131z platformdaki adres g\u00fcncellemelerine al\u0131\u015f\u0131k olman\u0131z gerekir.<\/p>\n<p>&nbsp;<\/p>\n<p class=\"p2\">Hem bahis hem de casino oyunlar\u0131 konusunda aktif sitelerden biridir. \u00dcyelik i\u015flemlerinize eksiksiz bir \u015fekilde yapt\u0131\u011f\u0131n\u0131zda g\u00fcncel adreslerden her zaman i\u00e7in haberdar olabilirsiniz. B\u00f6yle durumlarda <b>Cenabet h\u0131zl\u0131 giri\u015f<\/b> konusunda Mobile de kullanabilirsiniz. \u00c7\u00fcnk\u00fc mobil ayr\u0131cal\u0131klar\u0131 olduk\u00e7a iyi d\u00fczeydedir yeni nesil uygulamalar sayesinde profesyonel oyun hizmeti alabilirsiniz. Uygulamalar\u0131n da s\u00fcrekli olarak g\u00fcncelleniyor olmas\u0131 oyuncular\u0131n \u00fczerinde durdu\u011fu bir konudur.<\/p>\n<p>&nbsp;<\/p>\n<p><img loading=\"lazy\" decoding=\"async\" class=\"alignnone wp-image-39 size-full\" src=\"https:\/\/cenabettv.com\/wp-content\/uploads\/2024\/07\/cenabet-hizli-giris-cover.jpg\" alt=\"\" width=\"720\" height=\"240\" srcset=\"https:\/\/cenabettv.com\/tr\/wp-content\/uploads\/2024\/07\/cenabet-hizli-giris-cover.jpg 720w, https:\/\/cenabettv.com\/tr\/wp-content\/uploads\/2024\/07\/cenabet-hizli-giris-cover-300x100.jpg 300w\" sizes=\"auto, (max-width: 720px) 100vw, 720px\" \/><\/p>\n<h2 class=\"p4\"><b>Cenabet H\u0131zl\u0131 Giri\u015f Nas\u0131l Yap\u0131l\u0131r?<\/b><\/h2>\n<p class=\"p2\"><b>Cenabet h\u0131zl\u0131 giri\u015f<\/b> i\u015flemi i\u00e7in sitenin g\u00fcncel giri\u015f adreslerini bilmeniz gerekir. Ayn\u0131 zamanda do\u011frudan linklere ihtiya\u00e7 duyars\u0131n\u0131z. B\u00f6yle durumlarda sitenin sosyal medya hesaplar\u0131n\u0131 takip ederek giri\u015f i\u015flemlerini kolay bir \u015fekilde yapabilirsiniz. Bahis sitesi her t\u00fcrl\u00fc bilgiyi sosyal medya hesaplar\u0131 \u00fczerinden \u00fcyeleri ile payla\u015f\u0131r. <b>Cenabet h\u0131zl\u0131 giri\u015f<\/b> i\u015flemi \u015fu \u015fekilde yap\u0131l\u0131r:<\/p>\n<ul class=\"ul1\">\n<li class=\"li2\">G\u00fcncel giri\u015f adreslerini biliyorsan\u0131z ilk olarak ana sayfas\u0131n\u0131 a\u00e7man\u0131z gerekir.<\/li>\n<li class=\"li2\">Ana sayfa \u00fczerinden sa\u011f tarafta \u00fcst k\u00f6\u015fede yer alan \u201cgiri\u015f yap\u201d k\u0131sm\u0131n\u0131 t\u0131klamal\u0131s\u0131n\u0131z.<\/li>\n<li class=\"li2\">Kar\u015f\u0131n\u0131za gelen ekrandaki t\u00fcm bilgileri eksiksiz yazarak robot olmad\u0131\u011f\u0131n\u0131z\u0131 do\u011frulamal\u0131s\u0131n\u0131z.<\/li>\n<li class=\"li2\">\u0130\u015flemi yapt\u0131ktan sonra giri\u015f yap diyerek siteye giri\u015finizi yapman\u0131z gerekir.<\/li>\n<\/ul>\n<p class=\"p2\">Ancak kullan\u0131c\u0131 ad\u0131 ve \u015fifreniz yanl\u0131\u015f oldu\u011fu takdirde giri\u015finizi yapamazs\u0131n\u0131z. Bununla birlikte platformdaki hesab\u0131n\u0131z aktif de\u011filse i\u015fleminizi yapman\u0131z m\u00fcmk\u00fcn olmaz. Hem hesab\u0131n\u0131z\u0131n aktif olmas\u0131 hem de bilgilerinizin do\u011fru olmas\u0131 olduk\u00e7a \u00f6nemlidir. Siteye h\u0131zl\u0131 giri\u015f i\u015flemi konusunda her \u015feyden \u00f6nemlisi g\u00fcncel linklerin do\u011fru olmas\u0131d\u0131r.<\/p>\n<p>&nbsp;<\/p>\n<h3 class=\"p4\"><b>Cenabet H\u0131zl\u0131 Giri\u015f Adreslerini Nas\u0131l Bulabilirsiniz? <\/b><\/h3>\n<p class=\"p2\"><strong>Cenabet h\u0131zl\u0131 giri\u015f <\/strong>adreslerini bulabilmek i\u00e7in platformun sosyal medyas\u0131n\u0131 yak\u0131ndan takibe alman\u0131z gerekir. Bahis ve casino sitesi her t\u00fcrl\u00fc bilginin payla\u015f\u0131m\u0131 konusunda sizlere gereken deste\u011fi sunar nokta Cenabet h\u0131zl\u0131 giri\u015f bilgisi genel olarak heylink \u00fczerinden sizlere verilir. Heylink platformu site ile ilgili t\u00fcm <a href=\"https:\/\/cenabettv.com\/\">giri\u015f<\/a> adreslerini tek bir pencereden sizlere vermektedir. Buradaki linke t\u0131klayarak do\u011frudan siteye eri\u015fim sa\u011flayabilirsiniz.<\/p>\n<p class=\"p2\">Daha sonra giri\u015f bilgilerinizi yazarak platforma giri\u015finizi yapabilirsiniz. B\u00f6yle durumlarda mutlaka sosyal medya hesaplar\u0131n\u0131n resmi official hesaplar\u0131 oldu\u011fundan emin olmal\u0131s\u0131n\u0131z. Bu hesaplar do\u011fru olmad\u0131\u011f\u0131 takdirde farkl\u0131 sitelerin linklerine y\u00f6nlendirilebilirsiniz. Bahis oyunlar\u0131na kat\u0131l\u0131m \u00e7er\u00e7evesinde siteye eri\u015fim olduk\u00e7a \u00f6nemlidir. S\u0131k s\u0131k adresler g\u00fcncellense dahi sitenin \u00fcyelerini bu bilgiler h\u0131zl\u0131 bir \u015fekilde ula\u015ft\u0131r\u0131l\u0131r. Bahis ve casino oyunlar\u0131na kat\u0131lmak i\u00e7in kullan\u0131c\u0131 ad\u0131 ve \u015fifreniz olmas\u0131 \u00f6nemlidir.<\/p>\n<p>&nbsp;<\/p>\n<h3><b>Cenabet Giri\u015f Yapam\u0131yorum <\/b><\/h3>\n<p class=\"p2\">Bahis sitesine zaman zaman eri\u015fim sa\u011flayamayabilirsiniz. B\u00f6yle durumlarda siteye eri\u015fim hakk\u0131n\u0131z olmad\u0131\u011f\u0131 takdirde dikkat etmeniz gereken belli ba\u015fl\u0131 fakt\u00f6rler bulunur. Her t\u00fcrl\u00fc bahis oyunlar\u0131na kat\u0131labilmek i\u00e7in \u201ckullan\u0131c\u0131 ad\u0131\u201d ve \u201c\u015fifre\u201d kullanman\u0131z son derece \u00f6nemlidir. Sitenin aktif \u00fcyesi olduktan sonra bu bilgileri kimseyle payla\u015fmamal\u0131s\u0131n\u0131z. E\u011fer giri\u015f yapam\u0131yorum sorunu ya\u015f\u0131yorsan\u0131z bu durum siteden kaynaklanabilece\u011fi gibi sizden de kaynaklanabilir. E\u011fer adresler yenilenmi\u015fse eski link \u00fczerinden platforma eri\u015femezsiniz.<\/p>\n<p>&nbsp;<\/p>\n<p class=\"p2\">\u0130nternet ba\u011flant\u0131n\u0131z zay\u0131fsa veya cihaz kapasitenizi yeterli de\u011filse siteye yine eri\u015fim sa\u011flaman\u0131z m\u00fcmk\u00fcn olmaz. B\u00f6yle durumlarda e\u011fer siteden kaynakl\u0131 bir giri\u015f sorunuz varsa m\u00fc\u015fteri hizmetleri ile ileti\u015fime ge\u00e7erek problemi k\u0131sa s\u00fcrede \u00e7\u00f6zebilirsiniz. Ancak eri\u015fim sorunu sizden kaynakl\u0131 ise b\u00f6yle bir durumda sorunu kendiniz \u00e7\u00f6zmeniz gerekir. E\u011fer internet ba\u011flant\u0131s\u0131 kaynakl\u0131 olarak eri\u015fim yapam\u0131yorsan\u0131z operat\u00f6r\u00fcn\u00fcz\u00fc arayarak sorunu \u00e7\u00f6zebilirsiniz.<\/p>\n","protected":false},"excerpt":{"rendered":"<p>Cenabet h\u0131zl\u0131 giri\u015f konusunda platform g\u00fcncellemelerini zaman\u0131nda yapar. Yabanc\u0131 bahis sitelerinden birisi oldu\u011fu i\u00e7in adreslerinin zaman zaman engellendi\u011fi g\u00f6r\u00fclmektedir. Her bahis ve casino sitesinde bu sorunla kar\u015f\u0131la\u015f\u0131l\u0131yor olmas\u0131 oyuncular\u0131n a\u015fina oldu\u011fu durumlardan biridir. Bu nedenle bahis ve casino oyunlar\u0131na kat\u0131labilmek i\u00e7in Cenabet sitesini tercih ediyorsan\u0131z platformdaki adres g\u00fcncellemelerine al\u0131\u015f\u0131k olman\u0131z gerekir. &nbsp; Hem bahis hem &hellip;<\/p>\n","protected":false},"author":1,"featured_media":38,"parent":0,"menu_order":0,"comment_status":"closed","ping_status":"closed","template":"","meta":{"footnotes":""},"class_list":["post-37","page","type-page","status-publish","has-post-thumbnail",""],"yoast_head":"<!-- This site is optimized with the Yoast SEO plugin v27.0 - https:\/\/yoast.com\/product\/yoast-seo-wordpress\/ -->\n<title>Cenabet H\u0131zl\u0131 Giri\u015f Yap\u0131n<\/title>\n<meta name=\"description\" content=\"Cenabet h\u0131zl\u0131 giri\u015f konusunda platform g\u00fcncellemelerini zaman\u0131nda yapar. Cenabet sitesine h\u0131zl\u0131 giri\u015f yapmak i\u00e7in ziyaret edin.\" \/>\n<meta name=\"robots\" content=\"index, follow, max-snippet:-1, max-image-preview:large, max-video-preview:-1\" \/>\n<link rel=\"canonical\" href=\"https:\/\/cenabettv.com\/tr\/cenabet-hizli-giris-yapin\/\" \/>\n<meta property=\"og:locale\" content=\"tr_TR\" \/>\n<meta property=\"og:type\" content=\"article\" \/>\n<meta property=\"og:title\" content=\"Cenabet H\u0131zl\u0131 Giri\u015f Yap\u0131n\" \/>\n<meta property=\"og:description\" content=\"Cenabet h\u0131zl\u0131 giri\u015f konusunda platform g\u00fcncellemelerini zaman\u0131nda yapar. Cenabet sitesine h\u0131zl\u0131 giri\u015f yapmak i\u00e7in ziyaret edin.\" \/>\n<meta property=\"og:url\" content=\"https:\/\/cenabettv.com\/tr\/cenabet-hizli-giris-yapin\/\" \/>\n<meta property=\"og:site_name\" content=\"Cenabet - G\u00fcncel Cenabet Adresi\" \/>\n<meta property=\"og:image\" content=\"https:\/\/i0.wp.com\/cenabettv.com\/tr\/wp-content\/uploads\/2024\/07\/cenabet-hizli-giris.jpg?fit=720%2C720&ssl=1\" \/>\n\t<meta property=\"og:image:width\" content=\"720\" \/>\n\t<meta property=\"og:image:height\" content=\"720\" \/>\n\t<meta property=\"og:image:type\" content=\"image\/jpeg\" \/>\n<meta name=\"twitter:card\" content=\"summary_large_image\" \/>\n<meta name=\"twitter:label1\" content=\"Tahmini okuma s\u00fcresi\" \/>\n\t<meta name=\"twitter:data1\" content=\"4 dakika\" \/>\n<script type=\"application\/ld+json\" class=\"yoast-schema-graph\">{\"@context\":\"https:\/\/schema.org\",\"@graph\":[{\"@type\":\"WebPage\",\"@id\":\"https:\/\/cenabettv.com\/tr\/cenabet-hizli-giris-yapin\/\",\"url\":\"https:\/\/cenabettv.com\/tr\/cenabet-hizli-giris-yapin\/\",\"name\":\"Cenabet H\u0131zl\u0131 Giri\u015f Yap\u0131n\",\"isPartOf\":{\"@id\":\"https:\/\/cenabettv.com\/tr\/#website\"},\"primaryImageOfPage\":{\"@id\":\"https:\/\/cenabettv.com\/tr\/cenabet-hizli-giris-yapin\/#primaryimage\"},\"image\":{\"@id\":\"https:\/\/cenabettv.com\/tr\/cenabet-hizli-giris-yapin\/#primaryimage\"},\"thumbnailUrl\":\"https:\/\/cenabettv.com\/tr\/wp-content\/uploads\/2024\/07\/cenabet-hizli-giris.jpg\",\"datePublished\":\"2024-07-29T19:21:52+00:00\",\"description\":\"Cenabet h\u0131zl\u0131 giri\u015f konusunda platform g\u00fcncellemelerini zaman\u0131nda yapar. Cenabet sitesine h\u0131zl\u0131 giri\u015f yapmak i\u00e7in ziyaret edin.\",\"breadcrumb\":{\"@id\":\"https:\/\/cenabettv.com\/tr\/cenabet-hizli-giris-yapin\/#breadcrumb\"},\"inLanguage\":\"tr\",\"potentialAction\":[{\"@type\":\"ReadAction\",\"target\":[\"https:\/\/cenabettv.com\/tr\/cenabet-hizli-giris-yapin\/\"]}]},{\"@type\":\"ImageObject\",\"inLanguage\":\"tr\",\"@id\":\"https:\/\/cenabettv.com\/tr\/cenabet-hizli-giris-yapin\/#primaryimage\",\"url\":\"https:\/\/cenabettv.com\/tr\/wp-content\/uploads\/2024\/07\/cenabet-hizli-giris.jpg\",\"contentUrl\":\"https:\/\/cenabettv.com\/tr\/wp-content\/uploads\/2024\/07\/cenabet-hizli-giris.jpg\",\"width\":720,\"height\":720},{\"@type\":\"BreadcrumbList\",\"@id\":\"https:\/\/cenabettv.com\/tr\/cenabet-hizli-giris-yapin\/#breadcrumb\",\"itemListElement\":[{\"@type\":\"ListItem\",\"position\":1,\"name\":\"Anasayfa\",\"item\":\"https:\/\/cenabettv.com\/tr\/\"},{\"@type\":\"ListItem\",\"position\":2,\"name\":\"Cenabet H\u0131zl\u0131 Giri\u015f Yap\u0131n\"}]},{\"@type\":\"WebSite\",\"@id\":\"https:\/\/cenabettv.com\/tr\/#website\",\"url\":\"https:\/\/cenabettv.com\/tr\/\",\"name\":\"Cenabet\",\"description\":\"\",\"publisher\":{\"@id\":\"https:\/\/cenabettv.com\/tr\/#organization\"},\"alternateName\":\"Cenabet\",\"potentialAction\":[{\"@type\":\"SearchAction\",\"target\":{\"@type\":\"EntryPoint\",\"urlTemplate\":\"https:\/\/cenabettv.com\/tr\/?s={search_term_string}\"},\"query-input\":{\"@type\":\"PropertyValueSpecification\",\"valueRequired\":true,\"valueName\":\"search_term_string\"}}],\"inLanguage\":\"tr\"},{\"@type\":\"Organization\",\"@id\":\"https:\/\/cenabettv.com\/tr\/#organization\",\"name\":\"Cenabet\",\"alternateName\":\"Cenabet\",\"url\":\"https:\/\/cenabettv.com\/tr\/\",\"logo\":{\"@type\":\"ImageObject\",\"inLanguage\":\"tr\",\"@id\":\"https:\/\/cenabettv.com\/tr\/#\/schema\/logo\/image\/\",\"url\":\"https:\/\/cenabettv.com\/wp-content\/uploads\/2024\/07\/CenaBetLogoK.webp\",\"contentUrl\":\"https:\/\/cenabettv.com\/wp-content\/uploads\/2024\/07\/CenaBetLogoK.webp\",\"width\":696,\"height\":696,\"caption\":\"Cenabet\"},\"image\":{\"@id\":\"https:\/\/cenabettv.com\/tr\/#\/schema\/logo\/image\/\"}}]}<\/script>\n<!-- \/ Yoast SEO plugin. -->","yoast_head_json":{"title":"Cenabet H\u0131zl\u0131 Giri\u015f Yap\u0131n","description":"Cenabet h\u0131zl\u0131 giri\u015f konusunda platform g\u00fcncellemelerini zaman\u0131nda yapar. Cenabet sitesine h\u0131zl\u0131 giri\u015f yapmak i\u00e7in ziyaret edin.","robots":{"index":"index","follow":"follow","max-snippet":"max-snippet:-1","max-image-preview":"max-image-preview:large","max-video-preview":"max-video-preview:-1"},"canonical":"https:\/\/cenabettv.com\/tr\/cenabet-hizli-giris-yapin\/","og_locale":"tr_TR","og_type":"article","og_title":"Cenabet H\u0131zl\u0131 Giri\u015f Yap\u0131n","og_description":"Cenabet h\u0131zl\u0131 giri\u015f konusunda platform g\u00fcncellemelerini zaman\u0131nda yapar. Cenabet sitesine h\u0131zl\u0131 giri\u015f yapmak i\u00e7in ziyaret edin.","og_url":"https:\/\/cenabettv.com\/tr\/cenabet-hizli-giris-yapin\/","og_site_name":"Cenabet - G\u00fcncel Cenabet Adresi","og_image":[{"width":720,"height":720,"url":"https:\/\/i0.wp.com\/cenabettv.com\/tr\/wp-content\/uploads\/2024\/07\/cenabet-hizli-giris.jpg?fit=720%2C720&ssl=1","type":"image\/jpeg"}],"twitter_card":"summary_large_image","twitter_misc":{"Tahmini okuma s\u00fcresi":"4 dakika"},"schema":{"@context":"https:\/\/schema.org","@graph":[{"@type":"WebPage","@id":"https:\/\/cenabettv.com\/tr\/cenabet-hizli-giris-yapin\/","url":"https:\/\/cenabettv.com\/tr\/cenabet-hizli-giris-yapin\/","name":"Cenabet H\u0131zl\u0131 Giri\u015f Yap\u0131n","isPartOf":{"@id":"https:\/\/cenabettv.com\/tr\/#website"},"primaryImageOfPage":{"@id":"https:\/\/cenabettv.com\/tr\/cenabet-hizli-giris-yapin\/#primaryimage"},"image":{"@id":"https:\/\/cenabettv.com\/tr\/cenabet-hizli-giris-yapin\/#primaryimage"},"thumbnailUrl":"https:\/\/cenabettv.com\/tr\/wp-content\/uploads\/2024\/07\/cenabet-hizli-giris.jpg","datePublished":"2024-07-29T19:21:52+00:00","description":"Cenabet h\u0131zl\u0131 giri\u015f konusunda platform g\u00fcncellemelerini zaman\u0131nda yapar. Cenabet sitesine h\u0131zl\u0131 giri\u015f yapmak i\u00e7in ziyaret edin.","breadcrumb":{"@id":"https:\/\/cenabettv.com\/tr\/cenabet-hizli-giris-yapin\/#breadcrumb"},"inLanguage":"tr","potentialAction":[{"@type":"ReadAction","target":["https:\/\/cenabettv.com\/tr\/cenabet-hizli-giris-yapin\/"]}]},{"@type":"ImageObject","inLanguage":"tr","@id":"https:\/\/cenabettv.com\/tr\/cenabet-hizli-giris-yapin\/#primaryimage","url":"https:\/\/cenabettv.com\/tr\/wp-content\/uploads\/2024\/07\/cenabet-hizli-giris.jpg","contentUrl":"https:\/\/cenabettv.com\/tr\/wp-content\/uploads\/2024\/07\/cenabet-hizli-giris.jpg","width":720,"height":720},{"@type":"BreadcrumbList","@id":"https:\/\/cenabettv.com\/tr\/cenabet-hizli-giris-yapin\/#breadcrumb","itemListElement":[{"@type":"ListItem","position":1,"name":"Anasayfa","item":"https:\/\/cenabettv.com\/tr\/"},{"@type":"ListItem","position":2,"name":"Cenabet H\u0131zl\u0131 Giri\u015f Yap\u0131n"}]},{"@type":"WebSite","@id":"https:\/\/cenabettv.com\/tr\/#website","url":"https:\/\/cenabettv.com\/tr\/","name":"Cenabet","description":"","publisher":{"@id":"https:\/\/cenabettv.com\/tr\/#organization"},"alternateName":"Cenabet","potentialAction":[{"@type":"SearchAction","target":{"@type":"EntryPoint","urlTemplate":"https:\/\/cenabettv.com\/tr\/?s={search_term_string}"},"query-input":{"@type":"PropertyValueSpecification","valueRequired":true,"valueName":"search_term_string"}}],"inLanguage":"tr"},{"@type":"Organization","@id":"https:\/\/cenabettv.com\/tr\/#organization","name":"Cenabet","alternateName":"Cenabet","url":"https:\/\/cenabettv.com\/tr\/","logo":{"@type":"ImageObject","inLanguage":"tr","@id":"https:\/\/cenabettv.com\/tr\/#\/schema\/logo\/image\/","url":"https:\/\/cenabettv.com\/wp-content\/uploads\/2024\/07\/CenaBetLogoK.webp","contentUrl":"https:\/\/cenabettv.com\/wp-content\/uploads\/2024\/07\/CenaBetLogoK.webp","width":696,"height":696,"caption":"Cenabet"},"image":{"@id":"https:\/\/cenabettv.com\/tr\/#\/schema\/logo\/image\/"}}]}},"_links":{"self":[{"href":"https:\/\/cenabettv.com\/tr\/wp-json\/wp\/v2\/pages\/37","targetHints":{"allow":["GET"]}}],"collection":[{"href":"https:\/\/cenabettv.com\/tr\/wp-json\/wp\/v2\/pages"}],"about":[{"href":"https:\/\/cenabettv.com\/tr\/wp-json\/wp\/v2\/types\/page"}],"author":[{"embeddable":true,"href":"https:\/\/cenabettv.com\/tr\/wp-json\/wp\/v2\/users\/1"}],"replies":[{"embeddable":true,"href":"https:\/\/cenabettv.com\/tr\/wp-json\/wp\/v2\/comments?post=37"}],"version-history":[{"count":1,"href":"https:\/\/cenabettv.com\/tr\/wp-json\/wp\/v2\/pages\/37\/revisions"}],"predecessor-version":[{"id":40,"href":"https:\/\/cenabettv.com\/tr\/wp-json\/wp\/v2\/pages\/37\/revisions\/40"}],"wp:featuredmedia":[{"embeddable":true,"href":"https:\/\/cenabettv.com\/tr\/wp-json\/wp\/v2\/media\/38"}],"wp:attachment":[{"href":"https:\/\/cenabettv.com\/tr\/wp-json\/wp\/v2\/media?parent=37"}],"curies":[{"name":"wp","href":"https:\/\/api.w.org\/{rel}","templated":true}]}}